{"id":262,"date":"2026-03-23T13:25:49","date_gmt":"2026-03-23T13:25:49","guid":{"rendered":"https:\/\/contabilitatea.md\/?page_id=262"},"modified":"2026-04-01T12:15:36","modified_gmt":"2026-04-01T09:15:36","slug":"confidentialitate","status":"publish","type":"page","link":"https:\/\/contabilitatea.md\/ru\/confidentialitate\/","title":{"rendered":"\u041a\u043e\u043d\u0444\u0438\u0434\u0435\u043d\u0446\u0438\u0430\u043b\u044c\u043d\u043e\u0441\u0442\u044c"},"content":{"rendered":"<p>\u0412 <strong>Contabilitatea.md<\/strong>, \u043c\u044b \u0441\u0442\u0440\u0435\u043c\u0438\u043c\u0441\u044f \u0437\u0430\u0449\u0438\u0442\u0438\u0442\u044c \u043a\u043e\u043d\u0444\u0438\u0434\u0435\u043d\u0446\u0438\u0430\u043b\u044c\u043d\u043e\u0441\u0442\u044c \u0438 \u0431\u0435\u0437\u043e\u043f\u0430\u0441\u043d\u043e\u0441\u0442\u044c \u0432\u0430\u0448\u0438\u0445 \u043f\u0435\u0440\u0441\u043e\u043d\u0430\u043b\u044c\u043d\u044b\u0445 \u0434\u0430\u043d\u043d\u044b\u0445. \u0414\u0430\u043d\u043d\u0430\u044f \u043f\u043e\u043b\u0438\u0442\u0438\u043a\u0430 \u043e\u0431\u044a\u044f\u0441\u043d\u044f\u0435\u0442, \u043a\u0430\u043a \u043c\u044b \u0441\u043e\u0431\u0438\u0440\u0430\u0435\u043c, \u0438\u0441\u043f\u043e\u043b\u044c\u0437\u0443\u0435\u043c \u0438 \u0437\u0430\u0449\u0438\u0449\u0430\u0435\u043c \u0438\u043d\u0444\u043e\u0440\u043c\u0430\u0446\u0438\u044e, \u043a\u043e\u0442\u043e\u0440\u0443\u044e \u0432\u044b \u043f\u0440\u0435\u0434\u043e\u0441\u0442\u0430\u0432\u043b\u044f\u0435\u0442\u0435 \u043d\u0430\u043c \u043f\u0440\u0438 \u0438\u0441\u043f\u043e\u043b\u044c\u0437\u043e\u0432\u0430\u043d\u0438\u0438 \u043d\u0430\u0448\u0435\u0433\u043e \u0432\u0435\u0431-\u0441\u0430\u0439\u0442\u0430 \u0438 \u043d\u0430\u0448\u0438\u0445 \u0443\u0441\u043b\u0443\u0433.<\/p>\n\n\n\n<h2 class=\"wp-block-heading\">1. \u041a\u0430\u043a\u0438\u0435 \u0434\u0430\u043d\u043d\u044b\u0435 \u043c\u044b \u0441\u043e\u0431\u0438\u0440\u0430\u0435\u043c?<\/h2>\n\n\n\n<p>\u041c\u044b \u043c\u043e\u0436\u0435\u043c \u0441\u043e\u0431\u0438\u0440\u0430\u0442\u044c \u0441\u043b\u0435\u0434\u0443\u044e\u0449\u0438\u0435 \u043a\u0430\u0442\u0435\u0433\u043e\u0440\u0438\u0438 \u043f\u0435\u0440\u0441\u043e\u043d\u0430\u043b\u044c\u043d\u044b\u0445 \u0434\u0430\u043d\u043d\u044b\u0445:<\/p>\n\n\n\n<ul class=\"wp-block-list\">\n<li><strong>\u0418\u0434\u0435\u043d\u0442\u0438\u0444\u0438\u043a\u0430\u0446\u0438\u043e\u043d\u043d\u044b\u0435 \u0434\u0430\u043d\u043d\u044b\u0435:<\/strong> \u0418\u043c\u044f, \u0424\u0430\u043c\u0438\u043b\u0438\u044f.<\/li>\n\n\n\n<li><strong>\u041a\u043e\u043d\u0442\u0430\u043a\u0442\u043d\u0430\u044f \u0438\u043d\u0444\u043e\u0440\u043c\u0430\u0446\u0438\u044f:<\/strong> \u0410\u0434\u0440\u0435\u0441 \u044d\u043b\u0435\u043a\u0442\u0440\u043e\u043d\u043d\u043e\u0439 \u043f\u043e\u0447\u0442\u044b, \u043d\u043e\u043c\u0435\u0440 \u0442\u0435\u043b\u0435\u0444\u043e\u043d\u0430.<\/li>\n\n\n\n<li><strong>\u0422\u0435\u0445\u043d\u0438\u0447\u0435\u0441\u043a\u0438\u0435 \u0434\u0430\u043d\u043d\u044b\u0435:<\/strong> IP-\u0430\u0434\u0440\u0435\u0441, \u0442\u0438\u043f \u0431\u0440\u0430\u0443\u0437\u0435\u0440\u0430, \u043e\u043f\u0435\u0440\u0430\u0446\u0438\u043e\u043d\u043d\u0430\u044f \u0441\u0438\u0441\u0442\u0435\u043c\u0430, \u0438\u043d\u0444\u043e\u0440\u043c\u0430\u0446\u0438\u044f \u043e \u043f\u043e\u0441\u0435\u0449\u0435\u043d\u0438\u044f\u0445 \u0441\u0430\u0439\u0442\u0430 (\u0447\u0435\u0440\u0435\u0437 \u0444\u0430\u0439\u043b\u044b cookie).<\/li>\n\n\n\n<li><strong>\u0414\u043e\u043f\u043e\u043b\u043d\u0438\u0442\u0435\u043b\u044c\u043d\u044b\u0435 \u0434\u0430\u043d\u043d\u044b\u0435:<\/strong> \u041b\u044e\u0431\u0430\u044f \u0434\u0440\u0443\u0433\u0430\u044f \u0438\u043d\u0444\u043e\u0440\u043c\u0430\u0446\u0438\u044f, \u043a\u043e\u0442\u043e\u0440\u0443\u044e \u0432\u044b \u0440\u0435\u0448\u0438\u0442\u0435 \u043f\u0440\u0435\u0434\u043e\u0441\u0442\u0430\u0432\u0438\u0442\u044c \u043d\u0430\u043c \u0447\u0435\u0440\u0435\u0437 \u043a\u043e\u043d\u0442\u0430\u043a\u0442\u043d\u044b\u0435 \u0444\u043e\u0440\u043c\u044b \u0438\u043b\u0438 \u043f\u0440\u044f\u043c\u0443\u044e \u043f\u0435\u0440\u0435\u043f\u0438\u0441\u043a\u0443.<\/li>\n<\/ul>\n\n\n\n<h2 class=\"wp-block-heading\">2. \u041a\u0430\u043a \u043c\u044b \u0438\u0441\u043f\u043e\u043b\u044c\u0437\u0443\u0435\u043c \u0432\u0430\u0448\u0438 \u0434\u0430\u043d\u043d\u044b\u0435?<\/h2>\n\n\n\n<p>\u041c\u044b \u043e\u0431\u0440\u0430\u0431\u0430\u0442\u044b\u0432\u0430\u0435\u043c \u0432\u0430\u0448\u0438 \u043f\u0435\u0440\u0441\u043e\u043d\u0430\u043b\u044c\u043d\u044b\u0435 \u0434\u0430\u043d\u043d\u044b\u0435 \u0432 \u0441\u043b\u0435\u0434\u0443\u044e\u0449\u0438\u0445 \u0446\u0435\u043b\u044f\u0445:<\/p>\n\n\n\n<ul class=\"wp-block-list\">\n<li>\u0414\u043b\u044f \u043e\u0442\u0432\u0435\u0442\u0430 \u043d\u0430 \u0437\u0430\u043f\u0440\u043e\u0441\u044b, \u043e\u0442\u043f\u0440\u0430\u0432\u043b\u0435\u043d\u043d\u044b\u0435 \u0447\u0435\u0440\u0435\u0437 \u0444\u043e\u0440\u043c\u0443 \u043e\u0431\u0440\u0430\u0442\u043d\u043e\u0439 \u0441\u0432\u044f\u0437\u0438.<\/li>\n\n\n\n<li>\u041e\u043a\u0430\u0437\u0430\u043d\u0438\u0435 \u0437\u0430\u043f\u0440\u043e\u0448\u0435\u043d\u043d\u044b\u0445 \u0431\u0443\u0445\u0433\u0430\u043b\u0442\u0435\u0440\u0441\u043a\u0438\u0445 \u0438 \u043a\u043e\u043d\u0441\u0443\u043b\u044c\u0442\u0430\u0446\u0438\u043e\u043d\u043d\u044b\u0445 \u0443\u0441\u043b\u0443\u0433.<\/li>\n\n\n\n<li>\u0414\u043b\u044f \u0443\u043b\u0443\u0447\u0448\u0435\u043d\u0438\u044f \u0444\u0443\u043d\u043a\u0446\u0438\u043e\u043d\u0430\u043b\u044c\u043d\u043e\u0441\u0442\u0438 \u0438 \u0431\u0435\u0437\u043e\u043f\u0430\u0441\u043d\u043e\u0441\u0442\u0438 \u043d\u0430\u0448\u0435\u0433\u043e \u0432\u0435\u0431-\u0441\u0430\u0439\u0442\u0430.<\/li>\n\n\n\n<li>\u0414\u043b\u044f \u0441\u043e\u0431\u043b\u044e\u0434\u0435\u043d\u0438\u044f \u043f\u0440\u0430\u0432\u043e\u0432\u044b\u0445 \u0438 \u043d\u0430\u043b\u043e\u0433\u043e\u0432\u044b\u0445 \u043e\u0431\u044f\u0437\u0430\u0442\u0435\u043b\u044c\u0441\u0442\u0432.<\/li>\n<\/ul>\n\n\n\n<h2 class=\"wp-block-heading\">3. \u041f\u0440\u0430\u0432\u043e\u0432\u0430\u044f \u043e\u0441\u043d\u043e\u0432\u0430 \u043e\u0431\u0440\u0430\u0431\u043e\u0442\u043a\u0438 \u0434\u0430\u043d\u043d\u044b\u0445<\/h2>\n\n\n\n<p>\u041e\u0431\u0440\u0430\u0431\u043e\u0442\u043a\u0430 \u0432\u0430\u0448\u0438\u0445 \u0434\u0430\u043d\u043d\u044b\u0445 \u043e\u0441\u0443\u0449\u0435\u0441\u0442\u0432\u043b\u044f\u0435\u0442\u0441\u044f \u043d\u0430 \u043e\u0441\u043d\u043e\u0432\u0430\u043d\u0438\u0438 \u0432\u0430\u0448\u0435\u0433\u043e \u0441\u043e\u0433\u043b\u0430\u0441\u0438\u044f (\u043d\u0430\u043f\u0440\u0438\u043c\u0435\u0440, \u043f\u0440\u0438 \u0437\u0430\u043f\u043e\u043b\u043d\u0435\u043d\u0438\u0438 \u043a\u043e\u043d\u0442\u0430\u043a\u0442\u043d\u043e\u0439 \u0444\u043e\u0440\u043c\u044b), \u043d\u0435\u043e\u0431\u0445\u043e\u0434\u0438\u043c\u043e\u0441\u0442\u0438 \u0438\u0441\u043f\u043e\u043b\u043d\u0435\u043d\u0438\u044f \u0434\u043e\u0433\u043e\u0432\u043e\u0440\u0430 \u0438\u043b\u0438 \u0432 \u0441\u043e\u043e\u0442\u0432\u0435\u0442\u0441\u0442\u0432\u0438\u0438 \u0441 \u044e\u0440\u0438\u0434\u0438\u0447\u0435\u0441\u043a\u0438\u043c\u0438 \u043e\u0431\u044f\u0437\u0430\u0442\u0435\u043b\u044c\u0441\u0442\u0432\u0430\u043c\u0438, \u0432\u043e\u0437\u043b\u043e\u0436\u0435\u043d\u043d\u044b\u043c\u0438 \u043d\u0430 \u043d\u0430\u0441, \u0441\u043e\u0433\u043b\u0430\u0441\u043d\u043e \u0437\u0430\u043a\u043e\u043d\u043e\u0434\u0430\u0442\u0435\u043b\u044c\u0441\u0442\u0432\u0443 \u0420\u0435\u0441\u043f\u0443\u0431\u043b\u0438\u043a\u0438 \u041c\u043e\u043b\u0434\u043e\u0432\u0430 \u0438 \u0435\u0432\u0440\u043e\u043f\u0435\u0439\u0441\u043a\u0438\u043c \u0441\u0442\u0430\u043d\u0434\u0430\u0440\u0442\u0430\u043c (GDPR).<\/p>\n\n\n\n<h2 class=\"wp-block-heading\">4. \u041a\u043e\u043c\u0443 \u043c\u044b \u043f\u0435\u0440\u0435\u0434\u0430\u0435\u043c \u0432\u0430\u0448\u0438 \u0434\u0430\u043d\u043d\u044b\u0435?<\/h2>\n\n\n\n<p>\u041c\u044b \u043d\u0435 \u043f\u0440\u043e\u0434\u0430\u0435\u043c \u0438 \u043d\u0435 \u0441\u0434\u0430\u0435\u043c \u0432 \u0430\u0440\u0435\u043d\u0434\u0443 \u0432\u0430\u0448\u0438 \u043f\u0435\u0440\u0441\u043e\u043d\u0430\u043b\u044c\u043d\u044b\u0435 \u0434\u0430\u043d\u043d\u044b\u0435 \u0442\u0440\u0435\u0442\u044c\u0438\u043c \u043b\u0438\u0446\u0430\u043c. \u041c\u044b \u043c\u043e\u0436\u0435\u043c \u043f\u0435\u0440\u0435\u0434\u0430\u0432\u0430\u0442\u044c \u0434\u0430\u043d\u043d\u044b\u0435 \u0442\u043e\u043b\u044c\u043a\u043e \u0434\u043e\u0432\u0435\u0440\u0435\u043d\u043d\u044b\u043c \u043f\u043e\u0441\u0442\u0430\u0432\u0449\u0438\u043a\u0430\u043c \u0443\u0441\u043b\u0443\u0433 (\u043d\u0430\u043f\u0440\u0438\u043c\u0435\u0440, \u0445\u043e\u0441\u0442\u0438\u043d\u0433-\u043f\u0440\u043e\u0432\u0430\u0439\u0434\u0435\u0440\u0430\u043c, \u043a\u043e\u043c\u043f\u0430\u043d\u0438\u044f\u043c \u043f\u043e \u0418\u0422-\u043e\u0431\u0441\u043b\u0443\u0436\u0438\u0432\u0430\u043d\u0438\u044e), \u043a\u043e\u0442\u043e\u0440\u044b\u0435 \u0432\u044b\u0441\u0442\u0443\u043f\u0430\u044e\u0442 \u0432 \u043a\u0430\u0447\u0435\u0441\u0442\u0432\u0435 \u043e\u0431\u0440\u0430\u0431\u043e\u0442\u0447\u0438\u043a\u043e\u0432 \u0434\u0430\u043d\u043d\u044b\u0445 \u0438 \u043f\u043e \u0434\u043e\u0433\u043e\u0432\u043e\u0440\u0443 \u043e\u0431\u044f\u0437\u0430\u043d\u044b \u0441\u043e\u0431\u043b\u044e\u0434\u0430\u0442\u044c \u043a\u043e\u043d\u0444\u0438\u0434\u0435\u043d\u0446\u0438\u0430\u043b\u044c\u043d\u043e\u0441\u0442\u044c \u0434\u0430\u043d\u043d\u044b\u0445. \u041c\u044b \u0442\u0430\u043a\u0436\u0435 \u043c\u043e\u0436\u0435\u043c \u0440\u0430\u0441\u043a\u0440\u044b\u0432\u0430\u0442\u044c \u0434\u0430\u043d\u043d\u044b\u0435 \u0433\u043e\u0441\u0443\u0434\u0430\u0440\u0441\u0442\u0432\u0435\u043d\u043d\u044b\u043c \u043e\u0440\u0433\u0430\u043d\u0430\u043c, \u0435\u0441\u043b\u0438 \u044d\u0442\u043e \u0442\u0440\u0435\u0431\u0443\u0435\u0442\u0441\u044f \u043f\u043e \u0437\u0430\u043a\u043e\u043d\u0443.<\/p>\n\n\n\n<h2 class=\"wp-block-heading\">5. \u0411\u0435\u0437\u043e\u043f\u0430\u0441\u043d\u043e\u0441\u0442\u044c \u0434\u0430\u043d\u043d\u044b\u0445<\/h2>\n\n\n\n<p>\u041c\u044b \u043f\u0440\u0438\u043c\u0435\u043d\u044f\u0435\u043c \u0441\u043e\u043e\u0442\u0432\u0435\u0442\u0441\u0442\u0432\u0443\u044e\u0449\u0438\u0435 \u0442\u0435\u0445\u043d\u0438\u0447\u0435\u0441\u043a\u0438\u0435 \u0438 \u043e\u0440\u0433\u0430\u043d\u0438\u0437\u0430\u0446\u0438\u043e\u043d\u043d\u044b\u0435 \u043c\u0435\u0440\u044b \u0434\u043b\u044f \u0437\u0430\u0449\u0438\u0442\u044b \u0432\u0430\u0448\u0438\u0445 \u0434\u0430\u043d\u043d\u044b\u0445 \u043e\u0442 \u043d\u0435\u0441\u0430\u043d\u043a\u0446\u0438\u043e\u043d\u0438\u0440\u043e\u0432\u0430\u043d\u043d\u043e\u0433\u043e \u0434\u043e\u0441\u0442\u0443\u043f\u0430, \u043f\u043e\u0442\u0435\u0440\u0438, \u0443\u043d\u0438\u0447\u0442\u043e\u0436\u0435\u043d\u0438\u044f \u0438\u043b\u0438 \u0441\u043b\u0443\u0447\u0430\u0439\u043d\u043e\u0433\u043e \u0438\u0437\u043c\u0435\u043d\u0435\u043d\u0438\u044f. \u041d\u0430\u0448 \u0432\u0435\u0431-\u0441\u0430\u0439\u0442 \u0438\u0441\u043f\u043e\u043b\u044c\u0437\u0443\u0435\u0442 SSL-\u0448\u0438\u0444\u0440\u043e\u0432\u0430\u043d\u0438\u0435 \u0434\u043b\u044f \u043e\u0431\u0435\u0441\u043f\u0435\u0447\u0435\u043d\u0438\u044f \u0431\u0435\u0437\u043e\u043f\u0430\u0441\u043d\u043e\u0441\u0442\u0438 \u043f\u0435\u0440\u0435\u0434\u0430\u0447\u0438 \u0434\u0430\u043d\u043d\u044b\u0445.<\/p>\n\n\n\n<h2 class=\"wp-block-heading\">6. \u0412\u0430\u0448\u0438 \u043f\u0440\u0430\u0432\u0430<\/h2>\n\n\n\n<p>\u0412 \u043e\u0442\u043d\u043e\u0448\u0435\u043d\u0438\u0438 \u0432\u0430\u0448\u0438\u0445 \u043f\u0435\u0440\u0441\u043e\u043d\u0430\u043b\u044c\u043d\u044b\u0445 \u0434\u0430\u043d\u043d\u044b\u0445 \u0432\u044b \u043e\u0431\u043b\u0430\u0434\u0430\u0435\u0442\u0435 \u0441\u043b\u0435\u0434\u0443\u044e\u0449\u0438\u043c\u0438 \u043f\u0440\u0430\u0432\u0430\u043c\u0438:<\/p>\n\n\n\n<ul class=\"wp-block-list\">\n<li>\u041f\u0440\u0430\u0432\u043e \u0434\u043e\u0441\u0442\u0443\u043f\u0430 \u043a \u0434\u0430\u043d\u043d\u044b\u043c.<\/li>\n\n\n\n<li>\u041f\u0440\u0430\u0432\u043e \u043d\u0430 \u0438\u0441\u043f\u0440\u0430\u0432\u043b\u0435\u043d\u0438\u0435 \u043d\u0435\u0442\u043e\u0447\u043d\u044b\u0445 \u0434\u0430\u043d\u043d\u044b\u0445.<\/li>\n\n\n\n<li>\u041f\u0440\u0430\u0432\u043e \u043d\u0430 \u0443\u0434\u0430\u043b\u0435\u043d\u0438\u0435 \u0434\u0430\u043d\u043d\u044b\u0445 (\u00ab\u043f\u0440\u0430\u0432\u043e \u0431\u044b\u0442\u044c \u0437\u0430\u0431\u044b\u0442\u044b\u043c\u00bb).<\/li>\n\n\n\n<li>\u041f\u0440\u0430\u0432\u043e \u043d\u0430 \u043e\u0433\u0440\u0430\u043d\u0438\u0447\u0435\u043d\u0438\u0435 \u043e\u0431\u0440\u0430\u0431\u043e\u0442\u043a\u0438 \u0434\u0430\u043d\u043d\u044b\u0445.<\/li>\n\n\n\n<li>\u041f\u0440\u0430\u0432\u043e \u043d\u0430 \u043f\u0435\u0440\u0435\u043d\u043e\u0441 \u0434\u0430\u043d\u043d\u044b\u0445.<\/li>\n\n\n\n<li>\u041f\u0440\u0430\u0432\u043e \u0432\u043e\u0437\u0440\u0430\u0436\u0430\u0442\u044c \u043f\u0440\u043e\u0442\u0438\u0432 \u043e\u0431\u0440\u0430\u0431\u043e\u0442\u043a\u0438 \u0434\u0430\u043d\u043d\u044b\u0445.<\/li>\n<\/ul>\n\n\n\n<p>\u0414\u043b\u044f \u043e\u0441\u0443\u0449\u0435\u0441\u0442\u0432\u043b\u0435\u043d\u0438\u044f \u044d\u0442\u0438\u0445 \u043f\u0440\u0430\u0432 \u0432\u044b \u043c\u043e\u0436\u0435\u0442\u0435 \u0432 \u043b\u044e\u0431\u043e\u0435 \u0432\u0440\u0435\u043c\u044f \u0441\u0432\u044f\u0437\u0430\u0442\u044c\u0441\u044f \u0441 \u043d\u0430\u043c\u0438 \u043f\u043e \u0430\u0434\u0440\u0435\u0441\u0443 \u044d\u043b\u0435\u043a\u0442\u0440\u043e\u043d\u043d\u043e\u0439 \u043f\u043e\u0447\u0442\u044b: <a href=\"mailto:info@contabilitatea.md\">info@contabilitatea.md<\/a>.<\/p>\n\n\n\n<h2 class=\"wp-block-heading\">7. \u0418\u0437\u043c\u0435\u043d\u0435\u043d\u0438\u044f \u0432 \u043f\u043e\u043b\u0438\u0442\u0438\u043a\u0435<\/h2>\n\n\n\n<p>\u041c\u044b \u043e\u0441\u0442\u0430\u0432\u043b\u044f\u0435\u043c \u0437\u0430 \u0441\u043e\u0431\u043e\u0439 \u043f\u0440\u0430\u0432\u043e \u043f\u0435\u0440\u0438\u043e\u0434\u0438\u0447\u0435\u0441\u043a\u0438 \u043e\u0431\u043d\u043e\u0432\u043b\u044f\u0442\u044c \u0434\u0430\u043d\u043d\u0443\u044e \u043f\u043e\u043b\u0438\u0442\u0438\u043a\u0443 \u043a\u043e\u043d\u0444\u0438\u0434\u0435\u043d\u0446\u0438\u0430\u043b\u044c\u043d\u043e\u0441\u0442\u0438. \u0412\u0441\u0435 \u0438\u0437\u043c\u0435\u043d\u0435\u043d\u0438\u044f \u0431\u0443\u0434\u0443\u0442 \u043e\u043f\u0443\u0431\u043b\u0438\u043a\u043e\u0432\u0430\u043d\u044b \u043d\u0430 \u044d\u0442\u043e\u0439 \u0441\u0442\u0440\u0430\u043d\u0438\u0446\u0435. \u041c\u044b \u0440\u0435\u043a\u043e\u043c\u0435\u043d\u0434\u0443\u0435\u043c \u0432\u0430\u043c \u043f\u0435\u0440\u0438\u043e\u0434\u0438\u0447\u0435\u0441\u043a\u0438 \u043f\u0440\u043e\u0432\u0435\u0440\u044f\u0442\u044c \u044d\u0442\u043e\u0442 \u0440\u0430\u0437\u0434\u0435\u043b.<\/p>\n\n\n\n<p>\u041f\u043e\u0441\u043b\u0435\u0434\u043d\u0435\u0435 \u043e\u0431\u043d\u043e\u0432\u043b\u0435\u043d\u0438\u0435: 27 \u0444\u0435\u0432\u0440\u0430\u043b\u044f 2026 \u0433.<\/p>","protected":false},"excerpt":{"rendered":"<p>La Contabilitatea.md, ne angaj\u0103m s\u0103 protej\u0103m confiden\u021bialitatea \u0219i securitatea datelor tale personale. Aceast\u0103 politic\u0103 explic\u0103 modul \u00een care colect\u0103m, utiliz\u0103m \u0219i protej\u0103m informa\u021biile pe care ni le furnizezi atunci c\u00e2nd utilizezi site-ul nostru \u0219i serviciile noastre. 1. Ce date colect\u0103m? Putem colecta urm\u0103toarele categorii de date personale: 2. Cum utiliz\u0103m datele tale? Prelucr\u0103m datele tale [&hellip;]<\/p>\n","protected":false},"author":1,"featured_media":0,"parent":0,"menu_order":0,"comment_status":"closed","ping_status":"closed","template":"","meta":{"_acf_changed":false,"footnotes":""},"class_list":["post-262","page","type-page","status-publish","hentry"],"acf":[],"_links":{"self":[{"href":"https:\/\/contabilitatea.md\/ru\/wp-json\/wp\/v2\/pages\/262","targetHints":{"allow":["GET"]}}],"collection":[{"href":"https:\/\/contabilitatea.md\/ru\/wp-json\/wp\/v2\/pages"}],"about":[{"href":"https:\/\/contabilitatea.md\/ru\/wp-json\/wp\/v2\/types\/page"}],"author":[{"embeddable":true,"href":"https:\/\/contabilitatea.md\/ru\/wp-json\/wp\/v2\/users\/1"}],"replies":[{"embeddable":true,"href":"https:\/\/contabilitatea.md\/ru\/wp-json\/wp\/v2\/comments?post=262"}],"version-history":[{"count":2,"href":"https:\/\/contabilitatea.md\/ru\/wp-json\/wp\/v2\/pages\/262\/revisions"}],"predecessor-version":[{"id":284,"href":"https:\/\/contabilitatea.md\/ru\/wp-json\/wp\/v2\/pages\/262\/revisions\/284"}],"wp:attachment":[{"href":"https:\/\/contabilitatea.md\/ru\/wp-json\/wp\/v2\/media?parent=262"}],"curies":[{"name":"wp","href":"https:\/\/api.w.org\/{rel}","templated":true}]}}